{"id":36,"date":"2013-11-04T14:17:59","date_gmt":"2013-11-04T14:17:59","guid":{"rendered":"http:\/\/www.oekofonds.lu\/?page_id=36"},"modified":"2022-10-10T09:59:34","modified_gmt":"2022-10-10T09:59:34","slug":"accueil","status":"publish","type":"page","link":"https:\/\/www.oekofonds.lu\/fr\/","title":{"rendered":"Accueil"},"content":{"rendered":"<section class=\"wpb-content-wrapper\"><div class=\"pf-content\"><p>[vc_row][vc_column][vc_column_text]<img loading=\"lazy\" decoding=\"async\" class=\"alignnone wp-image-1234 size-full\" src=\"http:\/\/www.oekofonds.lu\/wp-content\/uploads\/sites\/4\/2022\/10\/Banner-HP-klein-scaled-fr-1.jpg\" alt=\"\" width=\"2560\" height=\"325\" \/><\/p>\n<p>&nbsp;<\/p>\n<h3>Comptes pour les dons : BCEE LU31 0019 1100 4403 9000 \/ CCPL LU96 1111 0734 1886 0000<\/h3>\n<h3><img loading=\"lazy\" decoding=\"async\" class=\"wp-image-1259 alignright\" src=\"http:\/\/www.oekofonds.lu\/wp-content\/uploads\/sites\/4\/2021\/12\/qrcode_OEKOFONDS_300dpi-nb.png\" alt=\"\" width=\"120\" height=\"120\" srcset=\"https:\/\/www.oekofonds.lu\/wp-content\/uploads\/sites\/4\/2021\/12\/qrcode_OEKOFONDS_300dpi-nb.png 250w, https:\/\/www.oekofonds.lu\/wp-content\/uploads\/sites\/4\/2021\/12\/qrcode_OEKOFONDS_300dpi-nb-150x150.png 150w, https:\/\/www.oekofonds.lu\/wp-content\/uploads\/sites\/4\/2021\/12\/qrcode_OEKOFONDS_300dpi-nb-213x213.png 213w\" sizes=\"auto, (max-width: 120px) 100vw, 120px\" \/>Scannez le code QR et faites votre don maintenant, de mani\u00e8re simple et pratique avec payconiq<\/h3>\n<p>Les dons faits au profit de la Fondation Oekofonds (fondation sans but lucratif) sont fiscalement d\u00e9ductibles. Chaque donateur re\u00e7oit automatiquement un certificat attestant le versement op\u00e9r\u00e9, \u00e0 annexer \u00e0 sa d\u00e9claration d\u2019imp\u00f4ts.<\/p>\n<p>Nous restons \u00e0 votre enti\u00e8re disposition pour tout compl\u00e9ment d\u2019information<br \/>\npar t\u00e9l\u00e9phone: 43 90 30 \u2013 50 ou courriel:\u00a0<a href=\"mailto:oekofonds@oeko.lu\">oekofonds@oeko.lu<\/a>[\/vc_column_text][\/vc_column][\/vc_row]<\/p>\n<\/div><\/section>","protected":false},"excerpt":{"rendered":"<p>[vc_row][vc_column][vc_column_text] &nbsp; Comptes pour les dons : BCEE LU31 0019 1100 4403 9000 \/ CCPL LU96 1111 0734 1886 0000 Scannez le code QR et faites votre don maintenant, de mani\u00e8re simple et pratique avec payconiq Les dons faits au profit de la Fondation Oekofonds (fondation sans but lucratif) sont fiscalement d\u00e9ductibles. Chaque donateur re\u00e7oit [&hellip;]<\/p>\n","protected":false},"author":1,"featured_media":0,"parent":0,"menu_order":0,"comment_status":"open","ping_status":"open","template":"","meta":{"_acf_changed":false,"footnotes":""},"class_list":["post-36","page","type-page","status-publish","hentry"],"acf":[],"yoast_head":"<!-- This site is optimized with the Yoast SEO plugin v27.2 - https:\/\/yoast.com\/product\/yoast-seo-wordpress\/ -->\n<title>Accueil - Oekofonds<\/title>\n<meta name=\"description\" content=\"La Fondation Oekofonds:Votre don \u2013 pour l\u2019Homme, la Nature et l\u2019EnvironnementLa cr\u00e9ation de la Fondation Oekofonds par le Mouvement \u00c9cologique remonte \u00e0 l\u2018ann\u00e9e 1987 ! Depuis \u2013 fid\u00e8le \u00e0 sa devise \u00ab\u00a0faire bouger les choses ! \u00bb\u00a0 - la Fondation apporte son soutien \u00e0 une multitude de projets prometteurs dans le sens du d\u00e9veloppement durable. Gr\u00e2ce aux apports financiers de ses nombreux donateurs, la Fondation fut une nouvelle fois en mesure de parrainer des projets prospectifs int\u00e9ressants.\" \/>\n<meta name=\"robots\" content=\"index, follow, max-snippet:-1, max-image-preview:large, max-video-preview:-1\" \/>\n<link rel=\"canonical\" href=\"https:\/\/www.oekofonds.lu\/fr\/\" \/>\n<meta property=\"og:locale\" content=\"fr_FR\" \/>\n<meta property=\"og:type\" content=\"article\" \/>\n<meta property=\"og:title\" content=\"Accueil - Oekofonds\" \/>\n<meta property=\"og:description\" content=\"La Fondation Oekofonds:Votre don \u2013 pour l\u2019Homme, la Nature et l\u2019EnvironnementLa cr\u00e9ation de la Fondation Oekofonds par le Mouvement \u00c9cologique remonte \u00e0 l\u2018ann\u00e9e 1987 ! Depuis \u2013 fid\u00e8le \u00e0 sa devise \u00ab\u00a0faire bouger les choses ! \u00bb\u00a0 - la Fondation apporte son soutien \u00e0 une multitude de projets prometteurs dans le sens du d\u00e9veloppement durable. Gr\u00e2ce aux apports financiers de ses nombreux donateurs, la Fondation fut une nouvelle fois en mesure de parrainer des projets prospectifs int\u00e9ressants.\" \/>\n<meta property=\"og:url\" content=\"https:\/\/www.oekofonds.lu\/fr\/\" \/>\n<meta property=\"og:site_name\" content=\"Oekofonds\" \/>\n<meta property=\"article:modified_time\" content=\"2022-10-10T09:59:34+00:00\" \/>\n<meta property=\"og:image\" content=\"http:\/\/www.oekofonds.lu\/wp-content\/uploads\/sites\/4\/2022\/10\/Banner-HP-klein-scaled-fr-1.jpg\" \/>\n<meta name=\"twitter:card\" content=\"summary_large_image\" \/>\n<meta name=\"twitter:label1\" content=\"Dur\u00e9e de lecture estim\u00e9e\" \/>\n\t<meta name=\"twitter:data1\" content=\"1 minute\" \/>\n<script type=\"application\/ld+json\" class=\"yoast-schema-graph\">{\"@context\":\"https:\/\/schema.org\",\"@graph\":[{\"@type\":\"WebPage\",\"@id\":\"https:\/\/www.oekofonds.lu\/fr\/\",\"url\":\"https:\/\/www.oekofonds.lu\/fr\/\",\"name\":\"Accueil - Oekofonds\",\"isPartOf\":{\"@id\":\"https:\/\/www.oekofonds.lu\/de\/#website\"},\"primaryImageOfPage\":{\"@id\":\"https:\/\/www.oekofonds.lu\/fr\/#primaryimage\"},\"image\":{\"@id\":\"https:\/\/www.oekofonds.lu\/fr\/#primaryimage\"},\"thumbnailUrl\":\"http:\/\/www.oekofonds.lu\/wp-content\/uploads\/sites\/4\/2022\/10\/Banner-HP-klein-scaled-fr-1.jpg\",\"datePublished\":\"2013-11-04T14:17:59+00:00\",\"dateModified\":\"2022-10-10T09:59:34+00:00\",\"description\":\"La Fondation Oekofonds:Votre don \u2013 pour l\u2019Homme, la Nature et l\u2019EnvironnementLa cr\u00e9ation de la Fondation Oekofonds par le Mouvement \u00c9cologique remonte \u00e0 l\u2018ann\u00e9e 1987 ! Depuis \u2013 fid\u00e8le \u00e0 sa devise \u00ab\u00a0faire bouger les choses ! \u00bb\u00a0 - la Fondation apporte son soutien \u00e0 une multitude de projets prometteurs dans le sens du d\u00e9veloppement durable. Gr\u00e2ce aux apports financiers de ses nombreux donateurs, la Fondation fut une nouvelle fois en mesure de parrainer des projets prospectifs int\u00e9ressants.\",\"breadcrumb\":{\"@id\":\"https:\/\/www.oekofonds.lu\/fr\/#breadcrumb\"},\"inLanguage\":\"fr-FR\",\"potentialAction\":[{\"@type\":\"ReadAction\",\"target\":[\"https:\/\/www.oekofonds.lu\/fr\/\"]}]},{\"@type\":\"ImageObject\",\"inLanguage\":\"fr-FR\",\"@id\":\"https:\/\/www.oekofonds.lu\/fr\/#primaryimage\",\"url\":\"http:\/\/www.oekofonds.lu\/wp-content\/uploads\/sites\/4\/2022\/10\/Banner-HP-klein-scaled-fr-1.jpg\",\"contentUrl\":\"http:\/\/www.oekofonds.lu\/wp-content\/uploads\/sites\/4\/2022\/10\/Banner-HP-klein-scaled-fr-1.jpg\"},{\"@type\":\"BreadcrumbList\",\"@id\":\"https:\/\/www.oekofonds.lu\/fr\/#breadcrumb\",\"itemListElement\":[{\"@type\":\"ListItem\",\"position\":1,\"name\":\"Home\",\"item\":\"https:\/\/www.oekofonds.lu\/fr\/\"},{\"@type\":\"ListItem\",\"position\":2,\"name\":\"Accueil\"}]},{\"@type\":\"WebSite\",\"@id\":\"https:\/\/www.oekofonds.lu\/de\/#website\",\"url\":\"https:\/\/www.oekofonds.lu\/de\/\",\"name\":\"Oekofonds\",\"description\":\"\",\"potentialAction\":[{\"@type\":\"SearchAction\",\"target\":{\"@type\":\"EntryPoint\",\"urlTemplate\":\"https:\/\/www.oekofonds.lu\/de\/?s={search_term_string}\"},\"query-input\":{\"@type\":\"PropertyValueSpecification\",\"valueRequired\":true,\"valueName\":\"search_term_string\"}}],\"inLanguage\":\"fr-FR\"}]}<\/script>\n<!-- \/ Yoast SEO plugin. -->","yoast_head_json":{"title":"Accueil - Oekofonds","description":"La Fondation Oekofonds:Votre don \u2013 pour l\u2019Homme, la Nature et l\u2019EnvironnementLa cr\u00e9ation de la Fondation Oekofonds par le Mouvement \u00c9cologique remonte \u00e0 l\u2018ann\u00e9e 1987 ! Depuis \u2013 fid\u00e8le \u00e0 sa devise \u00ab\u00a0faire bouger les choses ! \u00bb\u00a0 - la Fondation apporte son soutien \u00e0 une multitude de projets prometteurs dans le sens du d\u00e9veloppement durable. Gr\u00e2ce aux apports financiers de ses nombreux donateurs, la Fondation fut une nouvelle fois en mesure de parrainer des projets prospectifs int\u00e9ressants.","robots":{"index":"index","follow":"follow","max-snippet":"max-snippet:-1","max-image-preview":"max-image-preview:large","max-video-preview":"max-video-preview:-1"},"canonical":"https:\/\/www.oekofonds.lu\/fr\/","og_locale":"fr_FR","og_type":"article","og_title":"Accueil - Oekofonds","og_description":"La Fondation Oekofonds:Votre don \u2013 pour l\u2019Homme, la Nature et l\u2019EnvironnementLa cr\u00e9ation de la Fondation Oekofonds par le Mouvement \u00c9cologique remonte \u00e0 l\u2018ann\u00e9e 1987 ! Depuis \u2013 fid\u00e8le \u00e0 sa devise \u00ab\u00a0faire bouger les choses ! \u00bb\u00a0 - la Fondation apporte son soutien \u00e0 une multitude de projets prometteurs dans le sens du d\u00e9veloppement durable. Gr\u00e2ce aux apports financiers de ses nombreux donateurs, la Fondation fut une nouvelle fois en mesure de parrainer des projets prospectifs int\u00e9ressants.","og_url":"https:\/\/www.oekofonds.lu\/fr\/","og_site_name":"Oekofonds","article_modified_time":"2022-10-10T09:59:34+00:00","og_image":[{"url":"http:\/\/www.oekofonds.lu\/wp-content\/uploads\/sites\/4\/2022\/10\/Banner-HP-klein-scaled-fr-1.jpg","type":"","width":"","height":""}],"twitter_card":"summary_large_image","twitter_misc":{"Dur\u00e9e de lecture estim\u00e9e":"1 minute"},"schema":{"@context":"https:\/\/schema.org","@graph":[{"@type":"WebPage","@id":"https:\/\/www.oekofonds.lu\/fr\/","url":"https:\/\/www.oekofonds.lu\/fr\/","name":"Accueil - Oekofonds","isPartOf":{"@id":"https:\/\/www.oekofonds.lu\/de\/#website"},"primaryImageOfPage":{"@id":"https:\/\/www.oekofonds.lu\/fr\/#primaryimage"},"image":{"@id":"https:\/\/www.oekofonds.lu\/fr\/#primaryimage"},"thumbnailUrl":"http:\/\/www.oekofonds.lu\/wp-content\/uploads\/sites\/4\/2022\/10\/Banner-HP-klein-scaled-fr-1.jpg","datePublished":"2013-11-04T14:17:59+00:00","dateModified":"2022-10-10T09:59:34+00:00","description":"La Fondation Oekofonds:Votre don \u2013 pour l\u2019Homme, la Nature et l\u2019EnvironnementLa cr\u00e9ation de la Fondation Oekofonds par le Mouvement \u00c9cologique remonte \u00e0 l\u2018ann\u00e9e 1987 ! Depuis \u2013 fid\u00e8le \u00e0 sa devise \u00ab\u00a0faire bouger les choses ! \u00bb\u00a0 - la Fondation apporte son soutien \u00e0 une multitude de projets prometteurs dans le sens du d\u00e9veloppement durable. Gr\u00e2ce aux apports financiers de ses nombreux donateurs, la Fondation fut une nouvelle fois en mesure de parrainer des projets prospectifs int\u00e9ressants.","breadcrumb":{"@id":"https:\/\/www.oekofonds.lu\/fr\/#breadcrumb"},"inLanguage":"fr-FR","potentialAction":[{"@type":"ReadAction","target":["https:\/\/www.oekofonds.lu\/fr\/"]}]},{"@type":"ImageObject","inLanguage":"fr-FR","@id":"https:\/\/www.oekofonds.lu\/fr\/#primaryimage","url":"http:\/\/www.oekofonds.lu\/wp-content\/uploads\/sites\/4\/2022\/10\/Banner-HP-klein-scaled-fr-1.jpg","contentUrl":"http:\/\/www.oekofonds.lu\/wp-content\/uploads\/sites\/4\/2022\/10\/Banner-HP-klein-scaled-fr-1.jpg"},{"@type":"BreadcrumbList","@id":"https:\/\/www.oekofonds.lu\/fr\/#breadcrumb","itemListElement":[{"@type":"ListItem","position":1,"name":"Home","item":"https:\/\/www.oekofonds.lu\/fr\/"},{"@type":"ListItem","position":2,"name":"Accueil"}]},{"@type":"WebSite","@id":"https:\/\/www.oekofonds.lu\/de\/#website","url":"https:\/\/www.oekofonds.lu\/de\/","name":"Oekofonds","description":"","potentialAction":[{"@type":"SearchAction","target":{"@type":"EntryPoint","urlTemplate":"https:\/\/www.oekofonds.lu\/de\/?s={search_term_string}"},"query-input":{"@type":"PropertyValueSpecification","valueRequired":true,"valueName":"search_term_string"}}],"inLanguage":"fr-FR"}]}},"_links":{"self":[{"href":"https:\/\/www.oekofonds.lu\/fr\/wp-json\/wp\/v2\/pages\/36","targetHints":{"allow":["GET"]}}],"collection":[{"href":"https:\/\/www.oekofonds.lu\/fr\/wp-json\/wp\/v2\/pages"}],"about":[{"href":"https:\/\/www.oekofonds.lu\/fr\/wp-json\/wp\/v2\/types\/page"}],"author":[{"embeddable":true,"href":"https:\/\/www.oekofonds.lu\/fr\/wp-json\/wp\/v2\/users\/1"}],"replies":[{"embeddable":true,"href":"https:\/\/www.oekofonds.lu\/fr\/wp-json\/wp\/v2\/comments?post=36"}],"version-history":[{"count":5,"href":"https:\/\/www.oekofonds.lu\/fr\/wp-json\/wp\/v2\/pages\/36\/revisions"}],"predecessor-version":[{"id":1386,"href":"https:\/\/www.oekofonds.lu\/fr\/wp-json\/wp\/v2\/pages\/36\/revisions\/1386"}],"wp:attachment":[{"href":"https:\/\/www.oekofonds.lu\/fr\/wp-json\/wp\/v2\/media?parent=36"}],"curies":[{"name":"wp","href":"https:\/\/api.w.org\/{rel}","templated":true}]}}