{"id":38,"date":"2013-11-04T14:18:15","date_gmt":"2013-11-04T14:18:15","guid":{"rendered":"http:\/\/www.oekofonds.lu\/?page_id=38"},"modified":"2015-01-08T14:10:49","modified_gmt":"2015-01-08T14:10:49","slug":"impressum","status":"publish","type":"page","link":"https:\/\/www.oekofonds.lu\/de\/impressum\/","title":{"rendered":"Impressum"},"content":{"rendered":"<div class=\"pf-content\"><h3>Fondation Oekofonds<\/h3>\n<p>\u00e9tablissement d&#8217;utilit\u00e9 publique \u2013 Gemeinn\u00fctzige Stiftung<\/p>\n<address>b\u00e9n\u00e9ficiant de la d\u00e9ductibilit\u00e9 fiscale des dons (arr\u00eat\u00e9 grand-ducal du 22.10.1985)\u00a0<\/address>\n<p>6, rue Vauban<\/p>\n<p>L-2663 Luxembourg<\/p>\n<p>Tel. 43 90 30 \u2013 50<\/p>\n<p>E-mail:\u00a0<a href=\"mailto:oekofonds@oeko.lu\">oekofonds@oeko.lu<\/a><\/p>\n<\/div>","protected":false},"excerpt":{"rendered":"<p>Fondation Oekofonds \u00e9tablissement d&#8217;utilit\u00e9 publique \u2013 Gemeinn\u00fctzige Stiftung b\u00e9n\u00e9ficiant de la d\u00e9ductibilit\u00e9 fiscale des dons (arr\u00eat\u00e9 grand-ducal du 22.10.1985)\u00a0 6, rue Vauban L-2663 Luxembourg Tel. 43 90 30 \u2013 50 E-mail:\u00a0oekofonds@oeko.lu<\/p>\n","protected":false},"author":1,"featured_media":0,"parent":0,"menu_order":0,"comment_status":"open","ping_status":"open","template":"","meta":{"_acf_changed":false,"footnotes":""},"class_list":["post-38","page","type-page","status-publish","hentry"],"acf":[],"yoast_head":"<!-- This site is optimized with the Yoast SEO plugin v27.2 - https:\/\/yoast.com\/product\/yoast-seo-wordpress\/ -->\n<title>Impressum - Oekofonds<\/title>\n<meta name=\"robots\" content=\"index, follow, max-snippet:-1, max-image-preview:large, max-video-preview:-1\" \/>\n<link rel=\"canonical\" href=\"https:\/\/www.oekofonds.lu\/de\/impressum\/\" \/>\n<meta property=\"og:locale\" content=\"de_DE\" \/>\n<meta property=\"og:type\" content=\"article\" \/>\n<meta property=\"og:title\" content=\"Impressum - Oekofonds\" \/>\n<meta property=\"og:description\" content=\"Fondation Oekofonds \u00e9tablissement d&#8217;utilit\u00e9 publique \u2013 Gemeinn\u00fctzige Stiftung b\u00e9n\u00e9ficiant de la d\u00e9ductibilit\u00e9 fiscale des dons (arr\u00eat\u00e9 grand-ducal du 22.10.1985)\u00a0 6, rue Vauban L-2663 Luxembourg Tel. 43 90 30 \u2013 50 E-mail:\u00a0oekofonds@oeko.lu\" \/>\n<meta property=\"og:url\" content=\"https:\/\/www.oekofonds.lu\/de\/impressum\/\" \/>\n<meta property=\"og:site_name\" content=\"Oekofonds\" \/>\n<meta property=\"article:modified_time\" content=\"2015-01-08T14:10:49+00:00\" \/>\n<meta name=\"twitter:card\" content=\"summary_large_image\" \/>\n<script type=\"application\/ld+json\" class=\"yoast-schema-graph\">{\"@context\":\"https:\/\/schema.org\",\"@graph\":[{\"@type\":\"WebPage\",\"@id\":\"https:\/\/www.oekofonds.lu\/de\/impressum\/\",\"url\":\"https:\/\/www.oekofonds.lu\/de\/impressum\/\",\"name\":\"Impressum - Oekofonds\",\"isPartOf\":{\"@id\":\"https:\/\/www.oekofonds.lu\/de\/#website\"},\"datePublished\":\"2013-11-04T14:18:15+00:00\",\"dateModified\":\"2015-01-08T14:10:49+00:00\",\"breadcrumb\":{\"@id\":\"https:\/\/www.oekofonds.lu\/de\/impressum\/#breadcrumb\"},\"inLanguage\":\"de\",\"potentialAction\":[{\"@type\":\"ReadAction\",\"target\":[\"https:\/\/www.oekofonds.lu\/de\/impressum\/\"]}]},{\"@type\":\"BreadcrumbList\",\"@id\":\"https:\/\/www.oekofonds.lu\/de\/impressum\/#breadcrumb\",\"itemListElement\":[{\"@type\":\"ListItem\",\"position\":1,\"name\":\"Home\",\"item\":\"https:\/\/www.oekofonds.lu\/de\/\"},{\"@type\":\"ListItem\",\"position\":2,\"name\":\"Impressum\"}]},{\"@type\":\"WebSite\",\"@id\":\"https:\/\/www.oekofonds.lu\/de\/#website\",\"url\":\"https:\/\/www.oekofonds.lu\/de\/\",\"name\":\"Oekofonds\",\"description\":\"\",\"potentialAction\":[{\"@type\":\"SearchAction\",\"target\":{\"@type\":\"EntryPoint\",\"urlTemplate\":\"https:\/\/www.oekofonds.lu\/de\/?s={search_term_string}\"},\"query-input\":{\"@type\":\"PropertyValueSpecification\",\"valueRequired\":true,\"valueName\":\"search_term_string\"}}],\"inLanguage\":\"de\"}]}<\/script>\n<!-- \/ Yoast SEO plugin. -->","yoast_head_json":{"title":"Impressum - Oekofonds","robots":{"index":"index","follow":"follow","max-snippet":"max-snippet:-1","max-image-preview":"max-image-preview:large","max-video-preview":"max-video-preview:-1"},"canonical":"https:\/\/www.oekofonds.lu\/de\/impressum\/","og_locale":"de_DE","og_type":"article","og_title":"Impressum - Oekofonds","og_description":"Fondation Oekofonds \u00e9tablissement d&#8217;utilit\u00e9 publique \u2013 Gemeinn\u00fctzige Stiftung b\u00e9n\u00e9ficiant de la d\u00e9ductibilit\u00e9 fiscale des dons (arr\u00eat\u00e9 grand-ducal du 22.10.1985)\u00a0 6, rue Vauban L-2663 Luxembourg Tel. 43 90 30 \u2013 50 E-mail:\u00a0oekofonds@oeko.lu","og_url":"https:\/\/www.oekofonds.lu\/de\/impressum\/","og_site_name":"Oekofonds","article_modified_time":"2015-01-08T14:10:49+00:00","twitter_card":"summary_large_image","schema":{"@context":"https:\/\/schema.org","@graph":[{"@type":"WebPage","@id":"https:\/\/www.oekofonds.lu\/de\/impressum\/","url":"https:\/\/www.oekofonds.lu\/de\/impressum\/","name":"Impressum - Oekofonds","isPartOf":{"@id":"https:\/\/www.oekofonds.lu\/de\/#website"},"datePublished":"2013-11-04T14:18:15+00:00","dateModified":"2015-01-08T14:10:49+00:00","breadcrumb":{"@id":"https:\/\/www.oekofonds.lu\/de\/impressum\/#breadcrumb"},"inLanguage":"de","potentialAction":[{"@type":"ReadAction","target":["https:\/\/www.oekofonds.lu\/de\/impressum\/"]}]},{"@type":"BreadcrumbList","@id":"https:\/\/www.oekofonds.lu\/de\/impressum\/#breadcrumb","itemListElement":[{"@type":"ListItem","position":1,"name":"Home","item":"https:\/\/www.oekofonds.lu\/de\/"},{"@type":"ListItem","position":2,"name":"Impressum"}]},{"@type":"WebSite","@id":"https:\/\/www.oekofonds.lu\/de\/#website","url":"https:\/\/www.oekofonds.lu\/de\/","name":"Oekofonds","description":"","potentialAction":[{"@type":"SearchAction","target":{"@type":"EntryPoint","urlTemplate":"https:\/\/www.oekofonds.lu\/de\/?s={search_term_string}"},"query-input":{"@type":"PropertyValueSpecification","valueRequired":true,"valueName":"search_term_string"}}],"inLanguage":"de"}]}},"_links":{"self":[{"href":"https:\/\/www.oekofonds.lu\/de\/wp-json\/wp\/v2\/pages\/38","targetHints":{"allow":["GET"]}}],"collection":[{"href":"https:\/\/www.oekofonds.lu\/de\/wp-json\/wp\/v2\/pages"}],"about":[{"href":"https:\/\/www.oekofonds.lu\/de\/wp-json\/wp\/v2\/types\/page"}],"author":[{"embeddable":true,"href":"https:\/\/www.oekofonds.lu\/de\/wp-json\/wp\/v2\/users\/1"}],"replies":[{"embeddable":true,"href":"https:\/\/www.oekofonds.lu\/de\/wp-json\/wp\/v2\/comments?post=38"}],"version-history":[{"count":4,"href":"https:\/\/www.oekofonds.lu\/de\/wp-json\/wp\/v2\/pages\/38\/revisions"}],"predecessor-version":[{"id":598,"href":"https:\/\/www.oekofonds.lu\/de\/wp-json\/wp\/v2\/pages\/38\/revisions\/598"}],"wp:attachment":[{"href":"https:\/\/www.oekofonds.lu\/de\/wp-json\/wp\/v2\/media?parent=38"}],"curies":[{"name":"wp","href":"https:\/\/api.w.org\/{rel}","templated":true}]}}